{"id":158,"date":"2021-03-04T01:43:57","date_gmt":"2021-03-04T07:43:57","guid":{"rendered":"https:\/\/ricardoanimas.com\/?page_id=158"},"modified":"2022-06-10T12:49:08","modified_gmt":"2022-06-10T17:49:08","slug":"publications","status":"publish","type":"page","link":"https:\/\/ricardoanimas.com\/?page_id=158","title":{"rendered":"Publications"},"content":{"rendered":"<p>Publications* (Spanish)<\/p>\n<p>Animas, R. (2022). Hogares en desamparo, Ciudad de M\u00e9xico, M\u00e9xico: Tintanueva Ediciones.<br \/>\nAnimas, R. (2019). Presagios, Ciudad de M\u00e9xico, M\u00e9xico: Piranha Editora.<br \/>\nGlockner, J., coord. (2018). Plantas sagradas, revista 127 de Artes de M\u00e9xico.<br \/>\nReynoso, A. (2018). Francisco Xavier Clavigero. El Aliento del Esp\u00edritu, Ciudad de M\u00e9xico, M\u00e9xico: Fondo de Cultura Econ\u00f3mica, Artes de M\u00e9xico.<br \/>\nTrueba Lara, J. L., coord. (2018). Bestiario Culinario de M\u00e9xico, revista 130 de Artes de M\u00e9xico.\u00a0<br \/>\nMagaloni Kerpel, D. (2016). Albores de la Conquista, Ciudad de M\u00e9xico, M\u00e9xico: Artes de M\u00e9xico.<br \/>\nBelausteguigoitia, M. y Salda\u00f1a-Portillo, M. J., coords. (2015). Des\/posesi\u00f3n: g\u00e9nero, territorio y luchas por la autodeterminaci\u00f3n, Ciudad de M\u00e9xico, M\u00e9xico: PUEG-UNAM<br \/>\nAmezcua, F. y Alvarado, J., coords.: (2014). VIII Festival internacional de poes\u00eda. Antolog\u00eda po\u00e9tica, Ciudad de M\u00e9xico, M\u00e9xico: Cuadernos de la Feria.<br \/>\nBelausteguigoitia, M., et al. (2014). Manual de Formaci\u00f3n y Sensibilizaci\u00f3n Arte y Justicia con Perspectiva de G\u00e9nero, Ciudad de M\u00e9xico, M\u00e9xico: Instituto Nacional de las Mujeres.\u00a0<br \/>\nRuiz, M., coord. (2013). Muros paralelos intramuros y Diccionario canero ilustrado, Cuernavaca, Morelos, M\u00e9xico: PUEG-UNAM, Colectiva Hermanas en la sombra.<br \/>\nPitarch, P. (2013). La palabra fragante. Cantos cham\u00e1nicos tzeltales, Ciudad de M\u00e9xico, M\u00e9xico: Artes de M\u00e9xico.<br \/>\nDurango L., coord. (2013, Diciembre). Del rojo al rosa mexicano, revista 111 de Artes de M\u00e9xico.<br \/>\nBelausteguigoitia, M., coord. (2013). Pintar los muros. Deshacer la c\u00e1rcel, Ciudad de M\u00e9xico, M\u00e9xico: PUEG-UNAM.<br \/>\nG\u00f3mez Povedano, D., coord. (2007). Memorias de una isla. Antolog\u00eda literaria, Cozumel, Quintana Roo, M\u00e9xico: Fundaci\u00f3n de Parques y Museos de Cozumel.<br \/>\n\u00a0<br \/>\n*La presente es una selecci\u00f3n.<\/p>\n<p><!-- {\"name\":\"Press\",\"type\":\"layout\",\"children\":[{\"name\":\"Intro\",\"type\":\"section\",\"props\":{\"width\":\"default\",\"padding\":\"large\",\"style\":\"default\",\"header_overlay\":\"\",\"animation\":\"\",\"text_color\":\"\",\"media\":\"images\\\/press-header.jpg\",\"media_advanced\":true,\"media_size\":\"cover\",\"media_background\":\"#fff\",\"media_overlay\":\"rgba(0,0,0,0)\",\"height_viewport\":false,\"image_size\":\"cover\",\"vertical_align\":\"middle\",\"title_position\":\"top-left\",\"title_rotation\":\"left\",\"title_breakpoint\":\"xl\",\"image_position\":\"center-center\"},\"children\":[{\"name\":\"\",\"type\":\"row\",\"props\":{\"layout\":\"1-1\",\"fixed_width\":\"large\",\"breakpoint\":\"m\"},\"children\":[{\"name\":\"\",\"type\":\"column\",\"props\":{\"widths\":[\"1-1\"],\"image_position\":\"center-center\"},\"children\":[{\"name\":\"\",\"type\":\"headline\",\"props\":{\"title_element\":\"h1\",\"title_style\":\"heading-primary\",\"title_decoration\":\"\",\"text_align\":\"left\",\"text_align_breakpoint\":\"\",\"text_align_fallback\":\"\",\"maxwidth\":\"\",\"maxwidth_align\":\"\",\"margin\":\"\",\"animation\":\"\",\"visibility\":\"\",\"content\":\"Publications* (Spanish)\",\"margin_remove_top\":true}},{\"name\":\"\",\"type\":\"text\",\"props\":{\"column\":\"\",\"column_breakpoint\":\"m\",\"text_style\":\"\",\"text_align\":\"left\",\"text_align_breakpoint\":\"\",\"text_align_fallback\":\"\",\"maxwidth\":\"xlarge\",\"maxwidth_align\":\"\",\"margin\":\"\",\"animation\":\"\",\"visibility\":\"\",\"text_color\":\"\",\"text_size\":\"\",\"content\":\"\n\n<p><span style=\\\"font-weight: 400;\\\">Animas, R. (2022). <\\\/span><i><span style=\\\"font-weight: 400;\\\">Hogares en desamparo<\\\/span><\\\/i><span style=\\\"font-weight: 400;\\\">, Ciudad de M\\u00e9xico, M\\u00e9xico: Tintanueva Ediciones.<\\\/span><\\\/p>\\n\n\n<p><span style=\\\"font-weight: 400;\\\">Animas, R. (2019). <\\\/span><i><span style=\\\"font-weight: 400;\\\">Presagios<\\\/span><\\\/i><span style=\\\"font-weight: 400;\\\">, Ciudad de M\\u00e9xico, M\\u00e9xico: Piranha Editora.<\\\/span><\\\/p>\\n\n\n<p><span style=\\\"font-weight: 400;\\\">Glockner, J., coord. (2018). <\\\/span><i><span style=\\\"font-weight: 400;\\\">Plantas sagradas<\\\/span><\\\/i><span style=\\\"font-weight: 400;\\\">, revista 127 de Artes de M\\u00e9xico.<\\\/span><\\\/p>\\n\n\n<p><span style=\\\"font-weight: 400;\\\">Reynoso, A. (2018). <\\\/span><i><span style=\\\"font-weight: 400;\\\">Francisco Xavier Clavigero. El Aliento del Esp\\u00edritu<\\\/span><\\\/i><span style=\\\"font-weight: 400;\\\">, Ciudad de M\\u00e9xico, M\\u00e9xico: Fondo de Cultura Econ\\u00f3mica, Artes de M\\u00e9xico.<\\\/span><\\\/p>\\n\n\n<p><span style=\\\"font-weight: 400;\\\">Trueba Lara, J. L., coord. (2018). <\\\/span><i><span style=\\\"font-weight: 400;\\\">Bestiario Culinario de M\\u00e9xico<\\\/span><\\\/i><span style=\\\"font-weight: 400;\\\">, revista 130 de Artes de M\\u00e9xico.\\u00a0<\\\/span><\\\/p>\\n\n\n<p><span style=\\\"font-weight: 400;\\\">Magaloni Kerpel, D. (2016). <\\\/span><i><span style=\\\"font-weight: 400;\\\">Albores de la Conquista<\\\/span><\\\/i><span style=\\\"font-weight: 400;\\\">, Ciudad de M\\u00e9xico, M\\u00e9xico: Artes de M\\u00e9xico.<\\\/span><\\\/p>\\n\n\n<p><span style=\\\"font-weight: 400;\\\">Belausteguigoitia, M. y Salda\\u00f1a-Portillo, M. J., coords. (2015). <\\\/span><i><span style=\\\"font-weight: 400;\\\">Des\\\/posesi\\u00f3n: g\\u00e9nero, territorio y luchas por la autodeterminaci\\u00f3n<\\\/span><\\\/i><span style=\\\"font-weight: 400;\\\">, Ciudad de M\\u00e9xico, M\\u00e9xico: PUEG-UNAM<\\\/span><\\\/p>\\n\n\n<p><span style=\\\"font-weight: 400;\\\">Amezcua, F. y Alvarado, J., coords.: (2014). <\\\/span><i><span style=\\\"font-weight: 400;\\\">VIII Festival internacional de poes\\u00eda. Antolog\\u00eda po\\u00e9tica<\\\/span><\\\/i><span style=\\\"font-weight: 400;\\\">, Ciudad de M\\u00e9xico, M\\u00e9xico: Cuadernos de la Feria.<\\\/span><\\\/p>\\n\n\n<p><span style=\\\"font-weight: 400;\\\">Belausteguigoitia, M., et al. (2014). <\\\/span><i><span style=\\\"font-weight: 400;\\\">Manual de Formaci\\u00f3n y Sensibilizaci\\u00f3n Arte y Justicia con Perspectiva de G\\u00e9nero<\\\/span><\\\/i><span style=\\\"font-weight: 400;\\\">, Ciudad de M\\u00e9xico, M\\u00e9xico: Instituto Nacional de las Mujeres.<\\\/span><span style=\\\"font-weight: 400;\\\">\\u00a0<\\\/span><\\\/p>\\n\n\n<p><span style=\\\"font-weight: 400;\\\">Ruiz, M., coord. (2013). <\\\/span><i><span style=\\\"font-weight: 400;\\\">Muros paralelos intramuros<\\\/span><\\\/i><span style=\\\"font-weight: 400;\\\"> y <\\\/span><i><span style=\\\"font-weight: 400;\\\">Diccionario canero ilustrado<\\\/span><\\\/i><span style=\\\"font-weight: 400;\\\">, Cuernavaca, Morelos, M\\u00e9xico: PUEG-UNAM, Colectiva Hermanas en la sombra.<\\\/span><\\\/p>\\n\n\n<p><span style=\\\"font-weight: 400;\\\">Pitarch, P. (2013<\\\/span><i><span style=\\\"font-weight: 400;\\\">). La palabra fragante. Cantos cham\\u00e1nicos tzeltales,<\\\/span><\\\/i><span style=\\\"font-weight: 400;\\\"> Ciudad de M\\u00e9xico, M\\u00e9xico: Artes de M\\u00e9xico.<\\\/span><\\\/p>\\n\n\n<p><span style=\\\"font-weight: 400;\\\">Durango L., coord. (2013, Diciembre).<\\\/span><i><span style=\\\"font-weight: 400;\\\"> Del rojo al rosa mexicano<\\\/span><\\\/i><span style=\\\"font-weight: 400;\\\">, revista 111 de Artes de M\\u00e9xico.<\\\/span><\\\/p>\\n\n\n<p><span style=\\\"font-weight: 400;\\\">Belausteguigoitia, M., coord. (2013). <\\\/span><i><span style=\\\"font-weight: 400;\\\">Pintar los muros. Deshacer la c\\u00e1rcel<\\\/span><\\\/i><span style=\\\"font-weight: 400;\\\">, Ciudad de M\\u00e9xico, M\\u00e9xico: PUEG-UNAM.<\\\/span><\\\/p>\\n\n\n<p><span style=\\\"font-weight: 400;\\\">G\\u00f3mez Povedano, D., coord. (2007). <\\\/span><i><span style=\\\"font-weight: 400;\\\">Memorias de una isla. Antolog\\u00eda literaria<\\\/span><\\\/i><span style=\\\"font-weight: 400;\\\">, Cozumel, Quintana Roo, M\\u00e9xico: Fundaci\\u00f3n de Parques y Museos de Cozumel.<\\\/span><\\\/p>\\n\n\n<p>\\u00a0<\\\/p>\\n\n\n<p>*La presente es una selecci\\u00f3n.<br \\\/><br \\\/><\\\/p>\"}}]}]}]}]} --><\/p>\n","protected":false},"excerpt":{"rendered":"<p>Publications* (Spanish) Animas, R. (2022). Hogares en desamparo, Ciudad de M\u00e9xico, M\u00e9xico: Tintanueva Ediciones. Animas, R. (2019). Presagios, Ciudad de M\u00e9xico, M\u00e9xico: Piranha Editora. Glockner, J., coord. (2018). Plantas sagradas, revista 127 de Artes de M\u00e9xico. Reynoso, A. (2018). Francisco Xavier Clavigero. El Aliento del Esp\u00edritu, Ciudad de M\u00e9xico, M\u00e9xico: Fondo de Cultura Econ\u00f3mica, Artes [&hellip;]<\/p>\n","protected":false},"author":1,"featured_media":0,"parent":0,"menu_order":0,"comment_status":"closed","ping_status":"closed","template":"","meta":{"footnotes":""},"_links":{"self":[{"href":"https:\/\/ricardoanimas.com\/index.php?rest_route=\/wp\/v2\/pages\/158"}],"collection":[{"href":"https:\/\/ricardoanimas.com\/index.php?rest_route=\/wp\/v2\/pages"}],"about":[{"href":"https:\/\/ricardoanimas.com\/index.php?rest_route=\/wp\/v2\/types\/page"}],"author":[{"embeddable":true,"href":"https:\/\/ricardoanimas.com\/index.php?rest_route=\/wp\/v2\/users\/1"}],"replies":[{"embeddable":true,"href":"https:\/\/ricardoanimas.com\/index.php?rest_route=%2Fwp%2Fv2%2Fcomments&post=158"}],"version-history":[{"count":7,"href":"https:\/\/ricardoanimas.com\/index.php?rest_route=\/wp\/v2\/pages\/158\/revisions"}],"predecessor-version":[{"id":374,"href":"https:\/\/ricardoanimas.com\/index.php?rest_route=\/wp\/v2\/pages\/158\/revisions\/374"}],"wp:attachment":[{"href":"https:\/\/ricardoanimas.com\/index.php?rest_route=%2Fwp%2Fv2%2Fmedia&parent=158"}],"curies":[{"name":"wp","href":"https:\/\/api.w.org\/{rel}","templated":true}]}}