{"id":20,"date":"2016-09-13T13:10:15","date_gmt":"2016-09-13T13:10:15","guid":{"rendered":"http:\/\/ricardoanimas.com\/index.php?page_id=20"},"modified":"2024-05-15T14:09:35","modified_gmt":"2024-05-15T20:09:35","slug":"portfolio","status":"publish","type":"page","link":"https:\/\/ricardoanimas.com\/?page_id=20","title":{"rendered":"Portfolio"},"content":{"rendered":"<p>Artwork<\/p>\n<p>Selection since 2010<\/p>\n<p>L\u00e1piz sobre papel \/ pencil on paper50x60cm2023<\/p>\n<p>Sue\u00f1os l\u00facidos, 2021<\/p>\n<p>Jacaranda, 2020<\/p>\n<p>Pencil on paper, 2024<\/p>\n<p>Forever young, 2011<\/p>\n<p>El coraz\u00f3n de Mesoam\u00e9rica, 2011<\/p>\n<p>Marino Transcultural, 2021<\/p>\n<p>\u00c1rbol de la dignidad, 2020<\/p>\n<p>Bugambilia, 2020<\/p>\n<p>Arqueolog\u00eda Insospechada 1, 2020<\/p>\n<p>Arte por c\u00e1rcel, 2012<\/p>\n<p>Arqueolog\u00eda Insospechada 3, 2021<\/p>\n<p>Arqueolog\u00eda Insospechada 2, 2020<\/p>\n<p>D\u00edptico po\u00e9tico, 2011<\/p>\n<p>Escena de la pel\u00edcula Roma, 2018<br \/>\n\u00a0<\/p>\n<p>Nochebuenas, 2020<\/p>\n<p>D\u00eda de Muertos, 2020<\/p>\n<p>Friso posiblemente maya con escena de polinizaci\u00f3n, 2021<\/p>\n<p><!-- {\"name\":\"Portfolio\",\"type\":\"layout\",\"children\":[{\"name\":\"Artwork\",\"type\":\"section\",\"props\":{\"width\":\"default\",\"padding\":\"large\",\"style\":\"default\",\"header_overlay\":\"\",\"animation\":\"\",\"text_color\":\"\",\"media\":\"\",\"image_size\":\"cover\",\"padding_remove_bottom\":false,\"vertical_align\":\"middle\",\"title_position\":\"top-left\",\"title_rotation\":\"left\",\"title_breakpoint\":\"xl\",\"image_position\":\"center-center\"},\"children\":[{\"name\":\"\",\"type\":\"row\",\"props\":{\"layout\":\"1-1\",\"fixed_width\":\"large\",\"breakpoint\":\"m\"},\"children\":[{\"name\":\"\",\"type\":\"column\",\"props\":{\"widths\":[\"1-1\"],\"image_position\":\"center-center\"},\"children\":[{\"name\":\"\",\"type\":\"headline\",\"props\":{\"title_element\":\"h1\",\"title_style\":\"heading-primary\",\"title_decoration\":\"\",\"text_align\":\"left\",\"text_align_breakpoint\":\"\",\"text_align_fallback\":\"\",\"maxwidth\":\"\",\"maxwidth_align\":\"\",\"margin\":\"\",\"animation\":\"\",\"visibility\":\"\",\"content\":\"Artwork\",\"margin_remove_top\":true}},{\"name\":\"\",\"type\":\"text\",\"props\":{\"column\":\"\",\"column_breakpoint\":\"m\",\"text_style\":\"lead\",\"text_align\":\"left\",\"text_align_breakpoint\":\"\",\"text_align_fallback\":\"\",\"maxwidth\":\"xxlarge\",\"maxwidth_align\":\"\",\"margin\":\"\",\"animation\":\"\",\"visibility\":\"\",\"text_color\":\"\",\"text_size\":\"large\",\"content\":\"\n\n<p>Selection since 2010<\\\/p>\"}}]}]}]},{\"name\":\"Gallery\",\"type\":\"section\",\"props\":{\"width\":\"default\",\"padding\":\"\",\"style\":\"default\",\"padding_remove_top\":true,\"image_size\":\"cover\",\"vertical_align\":\"middle\",\"title_position\":\"top-left\",\"title_rotation\":\"left\",\"title_breakpoint\":\"xl\",\"image_position\":\"center-center\"},\"children\":[{\"name\":\"\",\"type\":\"row\",\"props\":{\"fixed_width\":\"large\",\"breakpoint\":\"m\",\"layout\":\"1-1\"},\"children\":[{\"name\":\"\",\"type\":\"column\",\"props\":{\"widths\":[\"1-1\"],\"image_position\":\"center-center\"},\"children\":[{\"name\":\"\",\"type\":\"gallery\",\"props\":{\"show_title\":true,\"show_meta\":true,\"show_content\":true,\"show_link\":true,\"show_hover_image\":true,\"grid_default\":\"1\",\"grid_medium\":\"3\",\"overlay_mode\":\"cover\",\"overlay_position\":\"center\",\"overlay_transition\":\"fade\",\"title_element\":\"h3\",\"meta_style\":\"meta\",\"meta_align\":\"bottom\",\"text_align\":\"center\",\"margin\":\"default\",\"overlay_maxwidth\":\"medium\",\"image_width\":\"\",\"image_height\":\"\",\"title_style\":\"\",\"item_maxwidth\":\"xlarge\",\"grid_mode\":\"\",\"content_style\":\"lead\",\"overlay_hover\":true,\"overlay_style\":\"overlay-default\",\"text_color\":\"\",\"overlay_padding\":\"\",\"overlay_margin\":\"\",\"image_orientation\":true},\"children\":[{\"name\":\"\",\"type\":\"gallery_item\",\"props\":{\"image\":\"wp-content\\\/uploads\\\/362787423_317627823953912_5618775786840301218_n.jpeg\",\"title\":\"Aliento de muerte, \\u00e1nimo de vida \\\/ Breath of death, spirit of life\",\"hover_image\":\"\",\"content\":\"\n\n<p>L\\u00e1piz sobre papel \\\/ pencil on paper<br \\\/>50x60cm<br \\\/>2023<\\\/p>\",\"text_color_hover\":false,\"image_alt\":\"\",\"text_color\":\"\",\"meta\":\"\",\"link\":\"\"}},{\"name\":\"\",\"type\":\"gallery_item\",\"props\":{\"image\":\"wp-content\\\/uploads\\\/IMG_20210305_174208_229.jpg\",\"title\":\"\",\"hover_image\":\"\",\"content\":\"\n\n<p>Sue\\u00f1os l\\u00facidos, 2021<\\\/p>\",\"text_color_hover\":false,\"image_alt\":\"\",\"text_color\":\"\",\"meta\":\"\",\"link\":\"\"}},{\"name\":\"\",\"type\":\"gallery_item\",\"props\":{\"image\":\"wp-content\\\/uploads\\\/jacaranda.jpeg\",\"title\":\"\",\"hover_image\":\"\",\"content\":\"\n\n<p>Jacaranda, 2020<\\\/p>\",\"text_color_hover\":false,\"image_alt\":\"\",\"text_color\":\"\",\"meta\":\"\",\"link\":\"\"}},{\"name\":\"\",\"type\":\"gallery_item\",\"props\":{\"image\":\"wp-content\\\/uploads\\\/dibujito-5-scaled.jpeg\",\"title\":\"Erotic exercise\",\"hover_image\":\"\",\"content\":\"\n\n<p>Pencil on paper, 2024<\\\/p>\",\"text_color_hover\":false,\"image_alt\":\"\",\"text_color\":\"\",\"meta\":\"\",\"link\":\"\"}},{\"name\":\"\",\"type\":\"gallery_item\",\"props\":{\"image\":\"wp-content\\\/uploads\\\/olmeca.jpeg\",\"title\":\"\",\"hover_image\":\"\",\"content\":\"\n\n<p>Forever young, 2011<\\\/p>\",\"text_color_hover\":false,\"image_alt\":\"\",\"text_color\":\"\",\"meta\":\"\",\"link\":\"\"}},{\"name\":\"\",\"type\":\"gallery_item\",\"props\":{\"image\":\"wp-content\\\/uploads\\\/IMG_20201103_204345_435.jpg\",\"title\":\"\",\"hover_image\":\"\",\"content\":\"\n\n<p>El coraz\\u00f3n de Mesoam\\u00e9rica, 2011<\\\/p>\",\"text_color_hover\":false,\"image_alt\":\"\",\"text_color\":\"\",\"meta\":\"\",\"link\":\"\"}},{\"name\":\"\",\"type\":\"gallery_item\",\"props\":{\"image\":\"wp-content\\\/uploads\\\/marino.jpeg\",\"title\":\"\",\"hover_image\":\"\",\"content\":\"\n\n<p>Marino Transcultural, 2021<\\\/p>\",\"text_color_hover\":false,\"image_alt\":\"\",\"text_color\":\"\",\"meta\":\"\",\"link\":\"\"}},{\"name\":\"\",\"type\":\"gallery_item\",\"props\":{\"image\":\"wp-content\\\/uploads\\\/IMG_20201012_131157_381-1.jpg\",\"title\":\"\",\"hover_image\":\"\",\"content\":\"\n\n<p>\\u00c1rbol de la dignidad, 2020<\\\/p>\",\"text_color_hover\":false,\"image_alt\":\"\",\"text_color\":\"\",\"meta\":\"\",\"link\":\"\"}},{\"name\":\"\",\"type\":\"gallery_item\",\"props\":{\"image\":\"wp-content\\\/uploads\\\/bugambilia.jpeg\",\"title\":\"\",\"hover_image\":\"\",\"content\":\"\n\n<p>Bugambilia, 2020<\\\/p>\",\"text_color_hover\":false,\"image_alt\":\"\",\"text_color\":\"\",\"meta\":\"\",\"link\":\"\"}},{\"name\":\"\",\"type\":\"gallery_item\",\"props\":{\"image\":\"wp-content\\\/uploads\\\/IMG_20200813_164237-1.jpg\",\"title\":\"\",\"hover_image\":\"\",\"content\":\"\n\n<p>Arqueolog\\u00eda Insospechada 1, 2020<\\\/p>\",\"text_color_hover\":false,\"image_alt\":\"\",\"text_color\":\"\",\"meta\":\"\",\"link\":\"\"}},{\"name\":\"\",\"type\":\"gallery_item\",\"props\":{\"image\":\"wp-content\\\/uploads\\\/1457651_578139435574371_1226755552_n.jpg\",\"title\":\"\",\"hover_image\":\"\",\"content\":\"\n\n<p>Arte por c\\u00e1rcel, 2012<\\\/p>\",\"text_color_hover\":false,\"image_alt\":\"\",\"text_color\":\"\",\"meta\":\"\",\"link\":\"\"}},{\"name\":\"\",\"type\":\"gallery_item\",\"props\":{\"image\":\"wp-content\\\/uploads\\\/clave-sol.jpeg\",\"title\":\"\",\"hover_image\":\"\",\"content\":\"\n\n<p>Arqueolog\\u00eda Insospechada 3, 2021<\\\/p>\",\"text_color_hover\":false,\"image_alt\":\"\",\"text_color\":\"\",\"meta\":\"\",\"link\":\"\"}},{\"name\":\"\",\"type\":\"gallery_item\",\"props\":{\"image\":\"wp-content\\\/uploads\\\/covid.jpeg\",\"title\":\"\",\"hover_image\":\"\",\"content\":\"\n\n<p>Arqueolog\\u00eda Insospechada 2, 2020<\\\/p>\",\"text_color_hover\":false,\"image_alt\":\"\",\"text_color\":\"\",\"meta\":\"\",\"link\":\"\"}},{\"name\":\"\",\"type\":\"gallery_item\",\"props\":{\"image\":\"wp-content\\\/uploads\\\/diptico.jpeg\",\"title\":\"\",\"hover_image\":\"\",\"content\":\"\n\n<p>D\\u00edptico po\\u00e9tico, 2011<\\\/p>\",\"text_color_hover\":false,\"image_alt\":\"\",\"text_color\":\"\",\"meta\":\"\",\"link\":\"\"}},{\"name\":\"\",\"type\":\"gallery_item\",\"props\":{\"image\":\"wp-content\\\/uploads\\\/Roma.jpeg\",\"title\":\"\",\"hover_image\":\"\",\"content\":\"\n\n<p>Escena de la pel\\u00edcula Roma, 2018<\\\/p>\\n\n\n<p>\\u00a0<\\\/p>\",\"text_color_hover\":false,\"image_alt\":\"\",\"text_color\":\"\",\"meta\":\"\",\"link\":\"\"}},{\"name\":\"\",\"type\":\"gallery_item\",\"props\":{\"image\":\"wp-content\\\/uploads\\\/arte-sitio.png\",\"title\":\"\",\"hover_image\":\"\",\"content\":\"\n\n<p>Nochebuenas, 2020<\\\/p>\",\"text_color_hover\":false,\"image_alt\":\"\",\"text_color\":\"\",\"meta\":\"\",\"link\":\"\"}},{\"name\":\"\",\"type\":\"gallery_item\",\"props\":{\"image\":\"wp-content\\\/uploads\\\/muertos.jpg\",\"title\":\"\",\"hover_image\":\"\",\"content\":\"\n\n<p>D\\u00eda de Muertos, 2020<\\\/p>\",\"text_color_hover\":false,\"image_alt\":\"\",\"text_color\":\"\",\"meta\":\"\",\"link\":\"\"}},{\"name\":\"\",\"type\":\"gallery_item\",\"props\":{\"image\":\"wp-content\\\/uploads\\\/friso-CON-firma-scaled.jpeg\",\"content\":\"\n\n<p>Friso posiblemente maya con escena de polinizaci\\u00f3n, 2021<\\\/p>\"}}]}]}]}]}]} --><\/p>\n","protected":false},"excerpt":{"rendered":"<p>Artwork Selection since 2010 L\u00e1piz sobre papel \/ pencil on paper50x60cm2023 Sue\u00f1os l\u00facidos, 2021 Jacaranda, 2020 Pencil on paper, 2024 Forever young, 2011 El coraz\u00f3n de Mesoam\u00e9rica, 2011 Marino Transcultural, 2021 \u00c1rbol de la dignidad, 2020 Bugambilia, 2020 Arqueolog\u00eda Insospechada 1, 2020 Arte por c\u00e1rcel, 2012 Arqueolog\u00eda Insospechada 3, 2021 Arqueolog\u00eda Insospechada 2, 2020 D\u00edptico [&hellip;]<\/p>\n","protected":false},"author":1,"featured_media":0,"parent":0,"menu_order":1,"comment_status":"closed","ping_status":"closed","template":"","meta":{"footnotes":""},"_links":{"self":[{"href":"https:\/\/ricardoanimas.com\/index.php?rest_route=\/wp\/v2\/pages\/20"}],"collection":[{"href":"https:\/\/ricardoanimas.com\/index.php?rest_route=\/wp\/v2\/pages"}],"about":[{"href":"https:\/\/ricardoanimas.com\/index.php?rest_route=\/wp\/v2\/types\/page"}],"author":[{"embeddable":true,"href":"https:\/\/ricardoanimas.com\/index.php?rest_route=\/wp\/v2\/users\/1"}],"replies":[{"embeddable":true,"href":"https:\/\/ricardoanimas.com\/index.php?rest_route=%2Fwp%2Fv2%2Fcomments&post=20"}],"version-history":[{"count":25,"href":"https:\/\/ricardoanimas.com\/index.php?rest_route=\/wp\/v2\/pages\/20\/revisions"}],"predecessor-version":[{"id":417,"href":"https:\/\/ricardoanimas.com\/index.php?rest_route=\/wp\/v2\/pages\/20\/revisions\/417"}],"wp:attachment":[{"href":"https:\/\/ricardoanimas.com\/index.php?rest_route=%2Fwp%2Fv2%2Fmedia&parent=20"}],"curies":[{"name":"wp","href":"https:\/\/api.w.org\/{rel}","templated":true}]}}