{"id":21,"date":"2016-09-13T13:16:13","date_gmt":"2016-09-13T13:16:13","guid":{"rendered":"http:\/\/ricardoanimas.com\/index.php\/careers\/"},"modified":"2024-01-29T20:57:36","modified_gmt":"2024-01-30T02:57:36","slug":"careers","status":"publish","type":"page","link":"https:\/\/ricardoanimas.com\/?page_id=21","title":{"rendered":"Careers"},"content":{"rendered":"<p>Exhibitions* (Spanish)<\/p>\n<p>Inmoral | Exposici\u00f3n colectiva | Eucalipto 20 | Ciudad de M\u00e9xico | Junio de 2023.<br \/>\nPornogr\u00e1fica, Vol. 4. El principio del placer | Exposici\u00f3n colectiva | Caf\u00e9 Berl\u00edn | Ciudad de M\u00e9xico | Mayo de 2023.<br \/>\nTierra Inc\u00f3gnita. 65 a\u00f1os de la Invenci\u00f3n de Am\u00e9rica | Exposici\u00f3n colectiva | Galer\u00eda Torre del Reloj | Ciudad de M\u00e9xico | Abril a mayo de 2023.<br \/>\nPornogr\u00e1fica, Vol. 4. El principio del placer | Exposici\u00f3n colectiva | La Nahuala Galer\u00eda | Ciudad de M\u00e9xico | Marzo a Abril de 2023.\u00a0<br \/>\nJuan O\u2019Gorman y su casa cueva. Apuntes para una reconstrucci\u00f3n | Exposici\u00f3n colectiva | Museo Nacional de Arquitectura. Palacio de Bellas Artes | Ciudad de M\u00e9xico, M\u00e9xico | Noviembre 2021 a Febrero 2022. \u00a0 \u00a0<br \/>\nTierra Inc\u00f3gnita. 500 a\u00f1os inventando Am\u00e9rica | Exposici\u00f3n colectiva | Instituto de Arte y Cultura de Celaya | Guanajuato, M\u00e9xico | 2022. \u00a0 \u00a0<br \/>\nRa\u00edces y legado del dise\u00f1o mexicano | Exposici\u00f3n individual | Alta Mar\u00eda | Toluca, Estado de M\u00e9xico | 2020. \u00a0 \u00a0<br \/>\nTierra Inc\u00f3gnita. 60 a\u00f1os de La Invenci\u00f3n de Am\u00e9rica | Exposici\u00f3n colectiva | Biblioteca de M\u00e9xico | Ciudad de M\u00e9xico, M\u00e9xico | 2019. \u00a0 \u00a0<br \/>\nAmistades estructurales. Una muestra sobre el v\u00ednculo intelectual y de amistad entre Conlon Nancarrow y Juan O\u2019Gorman | Exposici\u00f3n colectiva | Casa del Lago, UNAM | Ciudad de M\u00e9xico, M\u00e9xico | 2017. \u00a0 \u00a0 \u00a0 \u00a0\u00a0<br \/>\nLos tepanecas | Exposici\u00f3n permanente colectiva | Espacio Virtual Azcapotzalco en el Town Center El Rosario | Ciudad de M\u00e9xico, M\u00e9xico | desde 2012. \u00a0 \u00a0 Mesoam\u00e9rica y las artes de la muerte | Exposici\u00f3n individual | El Kafecito | Ciudad de M\u00e9xico, M\u00e9xico | 2011. \u00a0 \u00a0<br \/>\nMesoam\u00e9rica y las artes de la muerte | Exposici\u00f3n individual | El Kafecito | Ciudad de M\u00e9xico | Noviembre de 2011.<br \/>\nLa exquisita po\u00e9tica mesoamericana: Di\u00e1logo entre lo bello y lo sublime | Exposici\u00f3n individual | Museo de la Isla | Cozumel, M\u00e9xico | 2010.\u00a0<br \/>\n\u00a0<\/p>\n<p>La presente es una selecci\u00f3n\n<\/p>\n<p><!-- {\"name\":\"Press\",\"type\":\"layout\",\"children\":[{\"name\":\"Intro\",\"type\":\"section\",\"props\":{\"width\":\"default\",\"padding\":\"large\",\"style\":\"default\",\"header_overlay\":\"\",\"animation\":\"\",\"text_color\":\"\",\"media\":\"images\\\/press-header.jpg\",\"media_advanced\":true,\"media_size\":\"cover\",\"media_background\":\"#fff\",\"media_overlay\":\"rgba(0,0,0,0)\",\"height_viewport\":false,\"image_size\":\"cover\",\"vertical_align\":\"middle\",\"title_position\":\"top-left\",\"title_rotation\":\"left\",\"title_breakpoint\":\"xl\",\"image_position\":\"center-center\"},\"children\":[{\"name\":\"\",\"type\":\"row\",\"props\":{\"layout\":\"1-1\",\"fixed_width\":\"large\",\"breakpoint\":\"m\"},\"children\":[{\"name\":\"\",\"type\":\"column\",\"props\":{\"widths\":[\"1-1\"],\"image_position\":\"center-center\"},\"children\":[{\"name\":\"\",\"type\":\"headline\",\"props\":{\"title_element\":\"h1\",\"title_style\":\"heading-primary\",\"title_decoration\":\"\",\"text_align\":\"left\",\"text_align_breakpoint\":\"\",\"text_align_fallback\":\"\",\"maxwidth\":\"\",\"maxwidth_align\":\"\",\"margin\":\"\",\"animation\":\"\",\"visibility\":\"\",\"content\":\"Exhibitions* (Spanish)\",\"margin_remove_top\":true}},{\"name\":\"\",\"type\":\"text\",\"props\":{\"column\":\"\",\"column_breakpoint\":\"m\",\"text_style\":\"\",\"text_align\":\"left\",\"text_align_breakpoint\":\"\",\"text_align_fallback\":\"\",\"maxwidth\":\"xlarge\",\"maxwidth_align\":\"\",\"margin\":\"\",\"animation\":\"\",\"visibility\":\"\",\"text_color\":\"\",\"text_size\":\"\",\"content\":\"\n\n<p><i><span style=\\\"font-weight: 400;\\\">Inmoral <\\\/span><\\\/i><span style=\\\"font-weight: 400;\\\">| Exposici\\u00f3n colectiva | Eucalipto 20 | Ciudad de M\\u00e9xico | Junio de 2023.<\\\/span><\\\/p>\\n\n\n<p><i><span style=\\\"font-weight: 400;\\\">Pornogr\\u00e1fica, Vol. 4. El principio del placer <\\\/span><\\\/i><span style=\\\"font-weight: 400;\\\">| Exposici\\u00f3n colectiva | Caf\\u00e9 Berl\\u00edn | Ciudad de M\\u00e9xico | Mayo de 2023.<\\\/span><\\\/p>\\n\n\n<p><i><span style=\\\"font-weight: 400;\\\">Tierra Inc\\u00f3gnita. 65 a\\u00f1os de la Invenci\\u00f3n de Am\\u00e9rica <\\\/span><\\\/i><span style=\\\"font-weight: 400;\\\">| Exposici\\u00f3n colectiva | Galer\\u00eda Torre del Reloj | Ciudad de M\\u00e9xico | Abril a mayo de 2023.<\\\/span><\\\/p>\\n\n\n<p><span style=\\\"font-weight: 400;\\\"><i>Pornogr\\u00e1fica, Vol. 4. El principio del placer <\\\/i>| Exposici\\u00f3n colectiva | La Nahuala Galer\\u00eda | Ciudad de M\\u00e9xico | Marzo a Abril de 2023.\\u00a0<\\\/span><\\\/p>\\n\n\n<p><span style=\\\"font-weight: 400;\\\"><em>Juan O\\u2019Gorman y su casa cueva. Apuntes para una reconstrucci\\u00f3n<\\\/em> | Exposici\\u00f3n colectiva | Museo Nacional de Arquitectura. Palacio de Bellas Artes | Ciudad de M\\u00e9xico, M\\u00e9xico | Noviembre 2021 a Febrero 2022.<\\\/span> <em><span style=\\\"font-weight: 400;\\\">\\u00a0 \\u00a0 <\\\/span><\\\/em><\\\/p>\\n\n\n<p><em><span style=\\\"font-weight: 400;\\\">Tierra Inc\\u00f3gnita. 500 a\\u00f1os inventando Am\\u00e9rica <\\\/span><\\\/em><span style=\\\"font-weight: 400;\\\">| Exposici\\u00f3n colectiva | Instituto de Arte y Cultura de Celaya | Guanajuato, M\\u00e9xico | 2022.<\\\/span> <em><span style=\\\"font-weight: 400;\\\">\\u00a0 \\u00a0 <\\\/span><\\\/em><\\\/p>\\n\n\n<p><em><span style=\\\"font-weight: 400;\\\">Ra\\u00edces y <\\\/span><span style=\\\"font-weight: 400;\\\">legado<\\\/span><span style=\\\"font-weight: 400;\\\"> del dise\\u00f1o mexicano<\\\/span><\\\/em><span style=\\\"font-weight: 400;\\\"> | Exposici\\u00f3n individual | Alta Mar\\u00eda | Toluca, Estado de M\\u00e9xico | 2020.<\\\/span> <em><span style=\\\"font-weight: 400;\\\">\\u00a0 \\u00a0 <\\\/span><\\\/em><\\\/p>\\n\n\n<p><em><span style=\\\"font-weight: 400;\\\">Tierra Inc\\u00f3gnita. 60 a\\u00f1os de La Invenci\\u00f3n de Am\\u00e9rica <\\\/span><\\\/em><span style=\\\"font-weight: 400;\\\">| Exposici\\u00f3n colectiva | Biblioteca de M\\u00e9xico | Ciudad de M\\u00e9xico, M\\u00e9xico | 2019.<\\\/span> <em><span style=\\\"font-weight: 400;\\\">\\u00a0 \\u00a0 <\\\/span><\\\/em><\\\/p>\\n\n\n<p><em><span style=\\\"font-weight: 400;\\\">Amistades estructurales. Una muestra sobre el v\\u00ednculo intelectual y de amistad entre Conlon Nancarrow y Juan O\\u2019Gorman<\\\/span><\\\/em><span style=\\\"font-weight: 400;\\\"> | Exposici\\u00f3n colectiva | Casa del Lago, UNAM | Ciudad de M\\u00e9xico, M\\u00e9xico | 2017.<\\\/span> <em><span style=\\\"font-weight: 400;\\\">\\u00a0 \\u00a0 <\\\/span><\\\/em><span style=\\\"font-weight: 400;\\\"><em>\\u00a0 \\u00a0\\u00a0<\\\/em><\\\/span><\\\/p>\\n\n\n<p><span style=\\\"font-weight: 400;\\\"><em>Los tepanecas<\\\/em> <\\\/span><span style=\\\"font-weight: 400;\\\">| Exposici\\u00f3n permanente colectiva | Espacio Virtual Azcapotzalco en el Town Center El Rosario | Ciudad de M\\u00e9xico, M\\u00e9xico | desde 2012.<\\\/span> <em><span style=\\\"font-weight: 400;\\\">\\u00a0 \\u00a0 Mesoam\\u00e9rica y las artes de la muerte <\\\/span><\\\/em><span style=\\\"font-weight: 400;\\\">| Exposici\\u00f3n individual | El Kafecito | Ciudad de M\\u00e9xico, M\\u00e9xico | 2011.<\\\/span> <span style=\\\"font-weight: 400;\\\"><em>\\u00a0 \\u00a0 <\\\/em><\\\/span><\\\/p>\\n\n\n<p><i><span style=\\\"font-weight: 400;\\\">Mesoam\\u00e9rica y las artes de la muerte <\\\/span><\\\/i><span style=\\\"font-weight: 400;\\\">| Exposici\\u00f3n individual | El Kafecito | Ciudad de M\\u00e9xico | Noviembre de 2011.<\\\/span><\\\/p>\\n\n\n<p><span style=\\\"font-weight: 400;\\\"><em>La exquisita po\\u00e9tica mesoamericana: Di\\u00e1logo entre lo bello y lo sublime<\\\/em> <\\\/span><span style=\\\"font-weight: 400;\\\">| Exposici\\u00f3n individual | Museo de la Isla | Cozumel, M\\u00e9xico | 2010.<\\\/span><span style=\\\"font-weight: 400;\\\">\\u00a0<\\\/span><\\\/p>\\n\n\n<p>\\u00a0<\\\/p>\\n\n\n<ul>\\n\n\n<li>La presente es una selecci\\u00f3n<\\\/li>\\n<\\\/ul>\"}}]}]}]}]} --><\/p>\n","protected":false},"excerpt":{"rendered":"<p>Exhibitions* (Spanish) Inmoral | Exposici\u00f3n colectiva | Eucalipto 20 | Ciudad de M\u00e9xico | Junio de 2023. Pornogr\u00e1fica, Vol. 4. El principio del placer | Exposici\u00f3n colectiva | Caf\u00e9 Berl\u00edn | Ciudad de M\u00e9xico | Mayo de 2023. Tierra Inc\u00f3gnita. 65 a\u00f1os de la Invenci\u00f3n de Am\u00e9rica | Exposici\u00f3n colectiva | Galer\u00eda Torre del Reloj [&hellip;]<\/p>\n","protected":false},"author":1,"featured_media":0,"parent":22,"menu_order":2,"comment_status":"closed","ping_status":"closed","template":"","meta":{"footnotes":""},"_links":{"self":[{"href":"https:\/\/ricardoanimas.com\/index.php?rest_route=\/wp\/v2\/pages\/21"}],"collection":[{"href":"https:\/\/ricardoanimas.com\/index.php?rest_route=\/wp\/v2\/pages"}],"about":[{"href":"https:\/\/ricardoanimas.com\/index.php?rest_route=\/wp\/v2\/types\/page"}],"author":[{"embeddable":true,"href":"https:\/\/ricardoanimas.com\/index.php?rest_route=\/wp\/v2\/users\/1"}],"replies":[{"embeddable":true,"href":"https:\/\/ricardoanimas.com\/index.php?rest_route=%2Fwp%2Fv2%2Fcomments&post=21"}],"version-history":[{"count":10,"href":"https:\/\/ricardoanimas.com\/index.php?rest_route=\/wp\/v2\/pages\/21\/revisions"}],"predecessor-version":[{"id":385,"href":"https:\/\/ricardoanimas.com\/index.php?rest_route=\/wp\/v2\/pages\/21\/revisions\/385"}],"up":[{"embeddable":true,"href":"https:\/\/ricardoanimas.com\/index.php?rest_route=\/wp\/v2\/pages\/22"}],"wp:attachment":[{"href":"https:\/\/ricardoanimas.com\/index.php?rest_route=%2Fwp%2Fv2%2Fmedia&parent=21"}],"curies":[{"name":"wp","href":"https:\/\/api.w.org\/{rel}","templated":true}]}}