{"id":23,"date":"2016-09-13T13:16:35","date_gmt":"2016-09-13T13:16:35","guid":{"rendered":"http:\/\/ricardoanimas.com\/index.php\/press\/"},"modified":"2024-05-14T19:10:12","modified_gmt":"2024-05-15T01:10:12","slug":"press","status":"publish","type":"page","link":"https:\/\/ricardoanimas.com\/?page_id=23","title":{"rendered":"Press"},"content":{"rendered":"<p>Bio (Espa\u00f1ol\/English)<\/p>\n<p>\u00a0 \u00a0 \u00a0ESPA\u00d1OL\u00a0\u00a0<br \/>\nRicardo Animas (Ciudad de M\u00e9xico, 1986), latinoamericanista por la Universidad Nacional Aut\u00f3noma de M\u00e9xico, se desempe\u00f1a actualmente como artista visual, poeta y formador en artes, nuevas tecnolog\u00edas y modelos educativos.\u00a0<br \/>\nEs autor de los poemarios Presagios (2019) y Hogares en desamparo (Premio Nacional de Poes\u00eda Rogelio Trevi\u00f1o 2o22, M\u00e9xico), los cuales ha presentado y le\u00eddo en librer\u00edas, espacios culturales y escuelas de la Ciudad de M\u00e9xico, Hidalgo y Chihuahua, en M\u00e9xico, as\u00ed como en Melbourne, Australia. Algunos de ellos ha sido traducidos al ingl\u00e9s.<br \/>\nComo artista, ha celebrado catorce exposiciones \u2013dos de ellas individuales\u2013 y cuatro acciones perform\u00e1ticas \u2013dos de ellas individuales\u2013 en museos, galer\u00edas, bibliotecas y universidades mexicanas entre las que figuran el Museo de la Isla de Cozumel, la Biblioteca de M\u00e9xico y el Museo Nacional de Arquitectura; ha colaborado en una veintena de publicaciones como dibujante cient\u00edfico, ilustrador, dise\u00f1ador y escritor para la UNAM y Artes de M\u00e9xico, por ejemplo, y ha sido profesor y tallerista con poblaci\u00f3n diversa (infancias en contextos de marginaci\u00f3n urbana, mujeres privadas de la libertad, visitantes de la Ciudad de M\u00e9xico, etc\u00e9tera).<br \/>\nDirige desde 2023 su propio taller de artes visuales tradicionales y experimentales en la Alcald\u00eda Miguel Hidalgo de la Ciudad de M\u00e9xico.<br \/>\nSu enfoque de trabajo es multi e interdisciplinar, apostando a la transdisciplina. Los temas de su preferencia son: marginalidad, g\u00e9nero, patrimonio y derechos culturales, ciudadan\u00eda digital, fake news y posverdad. Sus medios m\u00e1s comunes son dibujo, modelado, fotograf\u00eda y escritura.<br \/>\nRicardo cuenta tambi\u00e9n con estudios acad\u00e9micos en gesti\u00f3n cultural (UNAM), dise\u00f1o gr\u00e1fico (EduMac), dise\u00f1o editorial (UNAM) y m\u00fasica (INBAL). Como ejemplo de sus actividades acad\u00e9micas y profesionales, ha sido encuestador (CIDE), ponente (UNAM, ENAH), conferencista y profesor invitado en diversas universidades, escuelas y centros educativos mexicanos y del extranjero, analista educativo (Mayahii), editor fundador de dos revistas culturales (una para la Preparatoria de Universidad La Salle y otra \u2013Ub\u00e9rrima\u2013 independiente), becario del \u00e1rea de Educaci\u00f3n en la Oficina de la UNESCO en M\u00e9xico, asistente acad\u00e9mico de la Direcci\u00f3n del actual CIEG-UNAM (antes PUEG-UNAM), investigador principal para YouTube Educaci\u00f3n e integrante de la coordinaci\u00f3n de los Grupos de Educadores de Google en Am\u00e9rica Latina.<br \/>\nAdem\u00e1s, ha fungido como director de TEDxAzcapotzalco y co organizador de TEDxIztapalapa, formador de formadores para el Laboratorio de Ciudadan\u00eda Digital del Centro Cultural de Espa\u00f1a en M\u00e9xico, y representante del jurado en el Concurso G\u00e9nero y Justicia, categor\u00eda ensayo, convocado por la Suprema Corte de Justicia de la Naci\u00f3n.<br \/>\nAnimas ha brindado capacitaci\u00f3n en tecnolog\u00eda educativa y modelos de ense\u00f1anza-aprendizaje a m\u00e1s de tres mil personas en M\u00e9xico tan s\u00f3lo de manera presencial, donde se cuentan decenas de\u00a0 instituciones educativas de todos niveles, tanto p\u00fablicas como privadas (CONALEP, ITESM, UAM, SEDENA, SEMAR, SEGOB, ILCE, Universidad Intercultural, Colegio Alem\u00e1n, por citar algunas). A distancia ha brindado tambi\u00e9n estas capacitaciones a docentes y analistas de Chile, Argentina, Ecuador y Colombia. Es Entrenador Certificado de Google, activo desde 2015, y desde 2017, director fundador de Ciudadan\u00eda Aumentada, proyecto profesional interdisciplinario de cr\u00edtica y desarrollo humano en torno a la era digital y de la hiperconectividad.\u00a0<br \/>\nAdem\u00e1s de lo anterior, Animas se ha desempe\u00f1ado como coordinador log\u00edstico y cultural de estudiantes extranjeros, gestor cultural independiente, pianista acompa\u00f1ante y modelo de arte.<\/p>\n<p>\u00a0\u00a0\u00a0\u00a0<br \/>\n\u00a0 \u00a0 ENGLISH<br \/>\n\u00a0\u00a0\u00a0\u00a0Ricardo Animas (Mexico City, 1986) is Latin Americanist (National Autonomous University of Mexico, UNAM) and he works as a visual artist, poet, and trainer in arts, new technologies and educational models.<br \/>\nAuthor of the collections of poems Presagios (2019) and Hogares en desamparo (Homes in Abandonment. 2021-Rogelio Trevi\u00f1o National Poetry Prize in Mexico), which they have been presented and read in bookstores, cultural spaces and schools in Mexico City, Hidalgo and Chihuahua, in Mexico, as well as in Melbourne, Australia. Some of them have been translated into English.<br \/>\nAs an artist, he has held fourteen exhibitions (two of them solo) and four performative actions (two of them solo) at museums, galleries, libraries and Mexican universities, including the Library of Mexico and the National Museum of Architecture. He has contributed in more than twenty publications as a scientific illustrator, editorial illustrator, designer and writer for the UNAM and Artes de M\u00e9xico, for example, and has been a teacher and workshop leader with an audience diversity (childhoods in contexts of urban marginalization, women deprived of liberty, visitors traveling to Mexico City, etc.).\u00a0\u00a0<br \/>\nSince 2023 he runs his own workshop in Visual Arts in Mexico City.<br \/>\nHis work approach is multi and interdisciplinary, betting on transdisciplinarity. His favorite topics are: marginalitzation, gender, cultural heritage and rights, digital citizenship, fake news and post-truth. His most common mediums are drawing, modeling, photography and writing.<br \/>\nRicardo also has academic studies on cultural management (UNAM), graphic design (EduMac), editorial design (UNAM) and music (INBAL). As an example of his academic and professional activities, he has been a surveyor (CIDE), speaker (UNAM, ENAH), guest speaker and guest professor at various universities, schools and educational centers in Mexico and abroad, educational analyst (Mayahii), founding editor of two cultural magazines (one for the La Salle High School and another \u2013Ub\u00e9rrima\u2013 independent), professional practitioner in the Education area at the UNESCO Office in Mexico, academic assistant of the current Gender Studies and Research Center at UNAM (CIEG-UNAM), researcher for YouTube Educaci\u00f3n and coordination member of the Google Educator Groups in Latin America.<br \/>\nIn addition, he has served as director of TEDxAzcapotzalco and co-organizer of TEDxIztapalapa, train-the-trainer for the Digital Citizenship Laboratory of the Cultural Center of Spain in Mexico, and representative of the jury in the Gender and Justice Contest, essay category, convened by the Supreme Court of Justice of Mexico.<br \/>\nAnimas has provided training in educational technology and teaching-learning models to more than three thousand people in Mexico just in-person, helping dozens of educational institutions of all levels, both public and private. Remotely he has also provided these trainings to teachers and analysts from Chile, Argentina, Ecuador and Colombia. He is a Google Certified Trainer, active since 2015, and since 2017, founding director of Ciudadan\u00eda Aumentada, an interdisciplinary professional project of criticism and human development around the digital age and hyperconnectivity.<br \/>\nIn addition to the above, Animas has served as logistical and cultural coordinator of foreign students, independent cultural manager, colaborative pianist and live art model.<\/p>\n<p><!-- {\"name\":\"Press\",\"type\":\"layout\",\"children\":[{\"name\":\"Intro\",\"type\":\"section\",\"props\":{\"width\":\"default\",\"padding\":\"large\",\"style\":\"default\",\"header_overlay\":\"\",\"animation\":\"\",\"text_color\":\"\",\"media\":\"images\\\/press-header.jpg\",\"media_advanced\":true,\"media_size\":\"cover\",\"media_background\":\"#fff\",\"media_overlay\":\"rgba(0,0,0,0)\",\"height_viewport\":false,\"image_size\":\"cover\",\"vertical_align\":\"middle\",\"title_position\":\"top-left\",\"title_rotation\":\"left\",\"title_breakpoint\":\"xl\",\"image_position\":\"center-center\"},\"children\":[{\"name\":\"\",\"type\":\"row\",\"props\":{\"layout\":\"1-1\",\"fixed_width\":\"large\",\"breakpoint\":\"m\"},\"children\":[{\"name\":\"\",\"type\":\"column\",\"props\":{\"widths\":[\"1-1\"],\"image_position\":\"center-center\"},\"children\":[{\"name\":\"\",\"type\":\"headline\",\"props\":{\"title_element\":\"h1\",\"title_style\":\"heading-primary\",\"title_decoration\":\"\",\"text_align\":\"left\",\"text_align_breakpoint\":\"\",\"text_align_fallback\":\"\",\"maxwidth\":\"\",\"maxwidth_align\":\"\",\"margin\":\"\",\"animation\":\"\",\"visibility\":\"\",\"content\":\"Bio (Espa\\u00f1ol\\\/English)\",\"margin_remove_top\":true}},{\"name\":\"\",\"type\":\"text\",\"props\":{\"column\":\"\",\"column_breakpoint\":\"m\",\"text_style\":\"\",\"text_align\":\"left\",\"text_align_breakpoint\":\"\",\"text_align_fallback\":\"\",\"maxwidth\":\"xlarge\",\"maxwidth_align\":\"\",\"margin\":\"\",\"animation\":\"\",\"visibility\":\"\",\"text_color\":\"\",\"text_size\":\"\",\"content\":\"\n\n<p><b>\\u00a0 \\u00a0 \\u00a0ESPA\\u00d1OL<\\\/b><b>\\u00a0\\u00a0<\\\/b><\\\/p>\\n\n\n<p>Ricardo Animas (Ciudad de M\\u00e9xico, 1986), <strong>latinoamericanista<\\\/strong> por la Universidad Nacional Aut\\u00f3noma de M\\u00e9xico, <strong>se desempe\\u00f1a actualmente como artista visual, poeta y formador en artes, nuevas tecnolog\\u00edas y modelos educativos.\\u00a0<\\\/strong><\\\/p>\\n\n\n<p>Es <strong>autor<\\\/strong> de los poemarios <i>Presagios<\\\/i> (2019) y <i>Hogares en desamparo<\\\/i> (Premio Nacional de Poes\\u00eda Rogelio Trevi\\u00f1o 2o22, M\\u00e9xico), los cuales ha presentado y le\\u00eddo en librer\\u00edas, espacios culturales y escuelas de la Ciudad de M\\u00e9xico, Hidalgo y Chihuahua, en M\\u00e9xico, as\\u00ed como en Melbourne, Australia. Algunos de ellos ha sido traducidos al ingl\\u00e9s.<\\\/p>\\n\n\n<p>Como <strong>artista<\\\/strong>, ha celebrado catorce <strong>exposiciones<\\\/strong> \\u2013dos de ellas individuales\\u2013 y cuatro <strong>acciones perform\\u00e1ticas<\\\/strong> \\u2013dos de ellas individuales\\u2013 en museos, galer\\u00edas, bibliotecas y universidades mexicanas entre las que figuran el Museo de la Isla de Cozumel, la Biblioteca de M\\u00e9xico y el Museo Nacional de Arquitectura; ha colaborado en una veintena de <strong>publicaciones<\\\/strong> como <strong>dibujante cient\\u00edfico<\\\/strong>, <strong>ilustrador<\\\/strong>, <strong>dise\\u00f1ador<\\\/strong> y <strong>escritor<\\\/strong> para la UNAM y Artes de M\\u00e9xico, por ejemplo, y ha sido <strong>profesor<\\\/strong> y <strong>tallerista<\\\/strong> con poblaci\\u00f3n diversa (infancias en contextos de marginaci\\u00f3n urbana, mujeres privadas de la libertad, visitantes de la Ciudad de M\\u00e9xico, etc\\u00e9tera).<\\\/p>\\n\n\n<p><strong>Dirige desde 2023 su propio taller de artes visuales tradicionales y experimentales<\\\/strong> en la Alcald\\u00eda Miguel Hidalgo de la Ciudad de M\\u00e9xico.<\\\/p>\\n\n\n<p>Su <strong>enfoque<\\\/strong> de trabajo es multi e interdisciplinar, apostando a la transdisciplina. Los <strong>temas<\\\/strong> de su preferencia son: marginalidad, g\\u00e9nero, patrimonio y derechos culturales, ciudadan\\u00eda digital, <i>fake<\\\/i> <i>news<\\\/i> y posverdad. Sus <strong>medios<\\\/strong> m\\u00e1s comunes son dibujo, modelado, fotograf\\u00eda y escritura.<\\\/p>\\n\n\n<p>Ricardo cuenta tambi\\u00e9n con <strong>estudios acad\\u00e9micos<\\\/strong> en gesti\\u00f3n cultural (UNAM), dise\\u00f1o gr\\u00e1fico (EduMac), dise\\u00f1o editorial (UNAM) y m\\u00fasica (INBAL). Como ejemplo de sus <strong>actividades acad\\u00e9micas y profesionales<\\\/strong>, ha sido encuestador (CIDE), <strong>ponente<\\\/strong> (UNAM, ENAH), <strong>conferencista y profesor invitado<\\\/strong> en diversas universidades, escuelas y centros educativos mexicanos y del extranjero, <strong>analista educativo<\\\/strong> (Mayahii), <strong>editor fundador<\\\/strong> de dos revistas culturales (una para la Preparatoria de Universidad La Salle y otra \\u2013Ub\\u00e9rrima\\u2013 independiente), <strong>becario<\\\/strong> del \\u00e1rea de Educaci\\u00f3n en la Oficina de la UNESCO en M\\u00e9xico, <strong>asistente acad\\u00e9mico<\\\/strong> de la Direcci\\u00f3n del actual CIEG-UNAM (antes PUEG-UNAM), <strong>investigador<\\\/strong> principal para YouTube Educaci\\u00f3n e <strong>integrante de la coordinaci\\u00f3n<\\\/strong> de los Grupos de Educadores de Google en Am\\u00e9rica Latina.<\\\/p>\\n\n\n<p>Adem\\u00e1s, ha fungido como <strong>director<\\\/strong> de TEDxAzcapotzalco y <strong>co organizador<\\\/strong> de TEDxIztapalapa, <strong>formador de formadores<\\\/strong> para el Laboratorio de Ciudadan\\u00eda Digital del Centro Cultural de Espa\\u00f1a en M\\u00e9xico, y <strong>representante del jurado<\\\/strong> en el Concurso G\\u00e9nero y Justicia, categor\\u00eda ensayo, convocado por la Suprema Corte de Justicia de la Naci\\u00f3n.<\\\/p>\\n\n\n<p>Animas ha brindado<strong> capacitaci\\u00f3n en tecnolog\\u00eda educativa y modelos de ense\\u00f1anza-aprendizaje<\\\/strong> a m\\u00e1s de tres mil personas en M\\u00e9xico tan s\\u00f3lo de manera presencial, donde se cuentan decenas de\\u00a0 instituciones educativas de todos niveles, tanto p\\u00fablicas como privadas (CONALEP, ITESM, UAM, SEDENA, SEMAR, SEGOB, ILCE, Universidad Intercultural, Colegio Alem\\u00e1n, por citar algunas). A distancia ha brindado tambi\\u00e9n estas capacitaciones a docentes y analistas de Chile, Argentina, Ecuador y Colombia. Es Entrenador Certificado de Google, activo desde 2015, y desde 2017, <strong>director fundador de Ciudadan\\u00eda Aumentada<\\\/strong>, proyecto profesional interdisciplinario de cr\\u00edtica y desarrollo humano en torno a la era digital y de la hiperconectividad.\\u00a0<\\\/p>\\n\n\n<p>Adem\\u00e1s de lo anterior, Animas se ha desempe\\u00f1ado como<strong> coordinador log\\u00edstico y cultural de estudiantes extranjeros, gestor cultural independiente, pianista acompa\\u00f1ante <\\\/strong>y<strong> modelo de arte<\\\/strong>.<\\\/p>\\n\n\n<hr \\\/>\\n\n\n<p><span style=\\\"font-weight: 400;\\\">\\u00a0\\u00a0\\u00a0\\u00a0<\\\/span><\\\/p>\\n\n\n<p><b>\\u00a0 \\u00a0 ENGLISH<\\\/b><\\\/p>\\n\n\n<p><span style=\\\"font-weight: 400;\\\">\\u00a0\\u00a0\\u00a0\\u00a0Ricardo Animas (Mexico City, 1986) is <\\\/span><b>Latin Americanist<\\\/b><span style=\\\"font-weight: 400;\\\"> (National Autonomous University of Mexico, UNAM) and he <\\\/span><b>works as a visual artist, poet, and trainer in arts, new technologies and educational models.<\\\/b><\\\/p>\\n\n\n<p><b>Author<\\\/b><span style=\\\"font-weight: 400;\\\"> of the collections of poems Presagios (2019) and <strong><em>Hogares en desamparo<\\\/em> (<em>Homes in Abandonment<\\\/em>. <\\\/strong>2021-Rogelio Trevi\\u00f1o National Poetry Prize in Mexico), which they have been presented and read in bookstores, cultural spaces and schools in Mexico City, Hidalgo and Chihuahua, in Mexico, as well as in Melbourne, Australia. Some of them have been translated into English.<\\\/span><\\\/p>\\n\n\n<p><span style=\\\"font-weight: 400;\\\">As an <\\\/span><b>artist<\\\/b><span style=\\\"font-weight: 400;\\\">, he has held fourteen <\\\/span><b>exhibitions<\\\/b><span style=\\\"font-weight: 400;\\\"> (two of them solo) and four <\\\/span><b>performative actions<\\\/b><span style=\\\"font-weight: 400;\\\"> (two of them solo) at museums, galleries, libraries and Mexican universities, including the Library of Mexico and the National Museum of Architecture. He has contributed in more than twenty <\\\/span><b>publications<\\\/b><span style=\\\"font-weight: 400;\\\"> as a scientific illustrator, editorial illustrator, designer and writer for the UNAM and Artes de M\\u00e9xico, for example, and has been a <\\\/span><b>teacher<\\\/b><span style=\\\"font-weight: 400;\\\"> and <\\\/span><b>workshop leader<\\\/b><span style=\\\"font-weight: 400;\\\"> with an audience diversity (childhoods in contexts of urban marginalization, women deprived of liberty, visitors traveling to Mexico City, etc.).\\u00a0\\u00a0<\\\/span><\\\/p>\\n\n\n<p><b>Since 2023 he runs his own workshop in Visual Arts<\\\/b><span style=\\\"font-weight: 400;\\\"> in Mexico City.<\\\/span><\\\/p>\\n\n\n<p><span style=\\\"font-weight: 400;\\\">His <\\\/span><b>work approach<\\\/b><span style=\\\"font-weight: 400;\\\"> is multi and interdisciplinary, betting on transdisciplinarity. His favorite <\\\/span><b>topics<\\\/b><span style=\\\"font-weight: 400;\\\"> are: marginalitzation, gender, cultural heritage and rights, digital citizenship, fake news and post-truth. His most common <\\\/span><b>mediums<\\\/b><span style=\\\"font-weight: 400;\\\"> are drawing, modeling, photography and writing.<\\\/span><\\\/p>\\n\n\n<p><span style=\\\"font-weight: 400;\\\">Ricardo also has <\\\/span><b>academic studies<\\\/b><span style=\\\"font-weight: 400;\\\"> on cultural management (UNAM), graphic design (EduMac), editorial design (UNAM) and music (INBAL). As an example of his <\\\/span><b>academic and professional activities<\\\/b><span style=\\\"font-weight: 400;\\\">, he has been a <\\\/span><b>surveyor<\\\/b><span style=\\\"font-weight: 400;\\\"> (CIDE), <\\\/span><b>speaker<\\\/b><span style=\\\"font-weight: 400;\\\"> (UNAM, ENAH), <\\\/span><b>guest speaker and guest professor<\\\/b><span style=\\\"font-weight: 400;\\\"> at various universities, schools and educational centers in Mexico and abroad, <\\\/span><b>educational analyst<\\\/b><span style=\\\"font-weight: 400;\\\"> (Mayahii), <\\\/span><b>founding editor<\\\/b><span style=\\\"font-weight: 400;\\\"> of two cultural magazines (one for the La Salle High School and another \\u2013Ub\\u00e9rrima\\u2013 independent), <\\\/span><b>professional practitioner<\\\/b><span style=\\\"font-weight: 400;\\\"> in the Education area at the UNESCO Office in Mexico, <\\\/span><b>academic assistant<\\\/b><span style=\\\"font-weight: 400;\\\"> of the current Gender Studies and Research Center at UNAM (CIEG-UNAM), <\\\/span><b>researcher<\\\/b><span style=\\\"font-weight: 400;\\\"> for YouTube Educaci\\u00f3n and <\\\/span><b>coordination member<\\\/b><span style=\\\"font-weight: 400;\\\"> of the Google Educator Groups in Latin America.<\\\/span><\\\/p>\\n\n\n<p><span style=\\\"font-weight: 400;\\\">In addition, he has served as <\\\/span><b>director<\\\/b><span style=\\\"font-weight: 400;\\\"> of TEDxAzcapotzalco and <\\\/span><b>co-organizer<\\\/b><span style=\\\"font-weight: 400;\\\"> of TEDxIztapalapa, <\\\/span><b>train-the-trainer <\\\/b><span style=\\\"font-weight: 400;\\\">for the Digital Citizenship Laboratory of the Cultural Center of Spain in Mexico, and <\\\/span><b>representative of the jury<\\\/b><span style=\\\"font-weight: 400;\\\"> in the Gender and Justice Contest, essay category, convened by the Supreme Court of Justice of Mexico.<\\\/span><\\\/p>\\n\n\n<p><span style=\\\"font-weight: 400;\\\">Animas has provided <\\\/span><b>training in educational technology and teaching-learning models<\\\/b><span style=\\\"font-weight: 400;\\\"> to more than three thousand people in Mexico just in-person, helping dozens of educational institutions of all levels, both public and private. Remotely he has also provided these trainings to teachers and analysts from Chile, Argentina, Ecuador and Colombia. He is a Google Certified Trainer, active since 2015, and since 2017, <\\\/span><b>founding director<\\\/b> <b>of Ciudadan\\u00eda Aumentada<\\\/b><span style=\\\"font-weight: 400;\\\">, an interdisciplinary professional project of criticism and human development around the digital age and hyperconnectivity.<\\\/span><\\\/p>\\n\n\n<p><span style=\\\"font-weight: 400;\\\">In addition to the above, Animas has served as <\\\/span><b>logistical and cultural<\\\/b> <b>coordinator<\\\/b><span style=\\\"font-weight: 400;\\\"> of foreign students,<\\\/span><b> independent cultural manager<\\\/b><span style=\\\"font-weight: 400;\\\">, <\\\/span><b>colaborative pianist<\\\/b><span style=\\\"font-weight: 400;\\\"> and<\\\/span><b> live art model<\\\/b><span style=\\\"font-weight: 400;\\\">.<\\\/span><\\\/p>\"}}]}]}]}]} --><\/p>\n","protected":false},"excerpt":{"rendered":"<p>Bio (Espa\u00f1ol\/English) \u00a0 \u00a0 \u00a0ESPA\u00d1OL\u00a0\u00a0 Ricardo Animas (Ciudad de M\u00e9xico, 1986), latinoamericanista por la Universidad Nacional Aut\u00f3noma de M\u00e9xico, se desempe\u00f1a actualmente como artista visual, poeta y formador en artes, nuevas tecnolog\u00edas y modelos educativos.\u00a0 Es autor de los poemarios Presagios (2019) y Hogares en desamparo (Premio Nacional de Poes\u00eda Rogelio Trevi\u00f1o 2o22, M\u00e9xico), los [&hellip;]<\/p>\n","protected":false},"author":1,"featured_media":0,"parent":22,"menu_order":4,"comment_status":"closed","ping_status":"closed","template":"","meta":{"footnotes":""},"_links":{"self":[{"href":"https:\/\/ricardoanimas.com\/index.php?rest_route=\/wp\/v2\/pages\/23"}],"collection":[{"href":"https:\/\/ricardoanimas.com\/index.php?rest_route=\/wp\/v2\/pages"}],"about":[{"href":"https:\/\/ricardoanimas.com\/index.php?rest_route=\/wp\/v2\/types\/page"}],"author":[{"embeddable":true,"href":"https:\/\/ricardoanimas.com\/index.php?rest_route=\/wp\/v2\/users\/1"}],"replies":[{"embeddable":true,"href":"https:\/\/ricardoanimas.com\/index.php?rest_route=%2Fwp%2Fv2%2Fcomments&post=23"}],"version-history":[{"count":35,"href":"https:\/\/ricardoanimas.com\/index.php?rest_route=\/wp\/v2\/pages\/23\/revisions"}],"predecessor-version":[{"id":409,"href":"https:\/\/ricardoanimas.com\/index.php?rest_route=\/wp\/v2\/pages\/23\/revisions\/409"}],"up":[{"embeddable":true,"href":"https:\/\/ricardoanimas.com\/index.php?rest_route=\/wp\/v2\/pages\/22"}],"wp:attachment":[{"href":"https:\/\/ricardoanimas.com\/index.php?rest_route=%2Fwp%2Fv2%2Fmedia&parent=23"}],"curies":[{"name":"wp","href":"https:\/\/api.w.org\/{rel}","templated":true}]}}