{"id":268,"date":"2021-03-11T21:30:01","date_gmt":"2021-03-12T03:30:01","guid":{"rendered":"https:\/\/ricardoanimas.com\/?page_id=268"},"modified":"2021-08-24T13:21:25","modified_gmt":"2021-08-24T18:21:25","slug":"illustration","status":"publish","type":"page","link":"https:\/\/ricardoanimas.com\/?page_id=268","title":{"rendered":"Illustration"},"content":{"rendered":"<p>Scientific Illustration<\/p>\n<p>Selection<\/p>\n<p>Petiveria alliacea<br \/>\nWatercolor<br \/>\n2012<\/p>\n<p>Chac Mool de Chich\u00e9n Itz\u00e1<br \/>\nPencil on paper<br \/>\n2010<\/p>\n<p>Mapa de Tenochtitlan (basado en C\u00f3dice Florentino)<br \/>\nStylo on paper<br \/>\n2017<\/p>\n<p>Mural con la imagen de Quetzalc\u00f3atl, realizado por Juan O&#8217;Gorman (Casa Nancarrow)<br \/>\nPencil on paper<br \/>\n2017<\/p>\n<p>Bodeg\u00f3n con jumiles<br \/>\nPencil on paper<br \/>\n2018<\/p>\n<p>Recreaci\u00f3n de mural de Tepantitla (fragmento)<br \/>\nPencil on paper<br \/>\n2018<\/p>\n<p>M\u00e1scara teotihuacana de Malinaltepec<br \/>\nPencil on paper<br \/>\n2010<\/p>\n<p>Batalla de Azcapotzalco (reproducci\u00f3n art\u00edstica)<br \/>\nGouache and ink on paper<br \/>\n2012<\/p>\n<p>Cactus mexica<br \/>\nPencil on paper<br \/>\n2010<\/p>\n<p>Pencil on paper<br \/>\n2010<\/p>\n<p>Pectoral de jade y oro de Ixcateopan<br \/>\nPencil on paper<br \/>\n2010<\/p>\n<p>Pastel on paper<br \/>\n2011<\/p>\n<p>Gouache and ink on paper<\/p>\n<p>Pastel on paper<br \/>\n2011<\/p>\n<p>Pencil on paper<br \/>\n2013<\/p>\n<p><!-- {\"name\":\"\",\"type\":\"layout\",\"children\":[{\"name\":\"Intro\",\"type\":\"section\",\"props\":{\"width\":\"default\",\"padding\":\"large\",\"style\":\"default\",\"header_overlay\":\"\",\"animation\":\"\",\"text_color\":\"\",\"media\":\"\",\"image_size\":\"cover\",\"padding_remove_bottom\":false,\"vertical_align\":\"middle\",\"title_position\":\"top-left\",\"title_rotation\":\"left\",\"title_breakpoint\":\"xl\",\"image_position\":\"center-center\"},\"children\":[{\"name\":\"\",\"type\":\"row\",\"props\":{\"layout\":\"1-1\",\"fixed_width\":\"large\",\"breakpoint\":\"m\"},\"children\":[{\"name\":\"\",\"type\":\"column\",\"props\":{\"widths\":[\"1-1\"],\"image_position\":\"center-center\"},\"children\":[{\"name\":\"\",\"type\":\"headline\",\"props\":{\"title_element\":\"h1\",\"title_style\":\"heading-primary\",\"title_decoration\":\"\",\"text_align\":\"left\",\"text_align_breakpoint\":\"\",\"text_align_fallback\":\"\",\"maxwidth\":\"\",\"maxwidth_align\":\"\",\"margin\":\"\",\"animation\":\"\",\"visibility\":\"\",\"content\":\"Scientific Illustration\",\"margin_remove_top\":true}},{\"name\":\"\",\"type\":\"text\",\"props\":{\"column\":\"\",\"column_breakpoint\":\"m\",\"text_style\":\"lead\",\"text_align\":\"left\",\"text_align_breakpoint\":\"\",\"text_align_fallback\":\"\",\"maxwidth\":\"xxlarge\",\"maxwidth_align\":\"\",\"margin\":\"\",\"animation\":\"\",\"visibility\":\"\",\"text_color\":\"\",\"text_size\":\"large\",\"content\":\"\n\n<p>Selection<\\\/p>\"}}]}]}]},{\"name\":\"\",\"type\":\"section\",\"props\":{\"style\":\"default\",\"width\":\"default\",\"vertical_align\":\"middle\",\"title_position\":\"top-left\",\"title_rotation\":\"left\",\"title_breakpoint\":\"xl\",\"image_position\":\"center-center\"},\"children\":[{\"name\":\"\",\"type\":\"row\",\"props\":{\"fixed_width\":\"large\",\"breakpoint\":\"m\",\"layout\":\"1-1\"},\"children\":[{\"name\":\"\",\"type\":\"column\",\"props\":{\"widths\":[\"1-1\"],\"image_position\":\"center-center\"},\"children\":[{\"name\":\"\",\"type\":\"gallery\",\"props\":{\"show_title\":true,\"show_meta\":true,\"show_content\":true,\"show_link\":true,\"show_hover_image\":true,\"grid_default\":\"1\",\"grid_medium\":\"3\",\"overlay_mode\":\"cover\",\"overlay_position\":\"center\",\"overlay_transition\":\"fade\",\"title_element\":\"h3\",\"meta_style\":\"meta\",\"meta_align\":\"bottom\",\"text_align\":\"center\",\"margin\":\"default\",\"overlay_hover\":true,\"overlay_style\":\"overlay-default\",\"overlay_maxwidth\":\"medium\",\"image_orientation\":true,\"item_maxwidth\":\"xlarge\"},\"children\":[{\"name\":\"\",\"type\":\"gallery_item\",\"props\":{\"image\":\"wp-content\\\/uploads\\\/ilustracion-sitio.png\",\"content\":\"\n\n<p><strong>Petiveria alliacea<\\\/strong><\\\/p>\\n\n\n<p>Watercolor<\\\/p>\\n\n\n<p>2012<\\\/p>\"}},{\"name\":\"\",\"type\":\"gallery_item\",\"props\":{\"image\":\"wp-content\\\/uploads\\\/1.jpg\",\"content\":\"\n\n<p><strong>Chac Mool de Chich\\u00e9n Itz\\u00e1<\\\/strong><\\\/p>\\n\n\n<p>Pencil on paper<\\\/p>\\n\n\n<p>2010<\\\/p>\"}},{\"name\":\"\",\"type\":\"gallery_item\",\"props\":{\"image\":\"wp-content\\\/uploads\\\/18814152_1330240340364273_4862438056846860940_n.jpg\",\"content\":\"\n\n<p><strong>Mapa de Tenochtitlan (basado en C\\u00f3dice Florentino)<\\\/strong><\\\/p>\\n\n\n<p>Stylo on paper<\\\/p>\\n\n\n<p>2017<\\\/p>\"}},{\"name\":\"\",\"type\":\"gallery_item\",\"props\":{\"image\":\"wp-content\\\/uploads\\\/o-gorman-serpiente-scaled.jpg\",\"content\":\"\n\n<p><strong>Mural con la imagen de Quetzalc\\u00f3atl, realizado por Juan O'Gorman (Casa Nancarrow)<\\\/strong><\\\/p>\\n\n\n<p>Pencil on paper<\\\/p>\\n\n\n<p>2017<\\\/p>\"}},{\"name\":\"\",\"type\":\"gallery_item\",\"props\":{\"image\":\"wp-content\\\/uploads\\\/jumiles-scaled.jpeg\",\"content\":\"\n\n<p><strong>Bodeg\\u00f3n con jumiles<\\\/strong><\\\/p>\\n\n\n<p>Pencil on paper<\\\/p>\\n\n\n<p>2018<\\\/p>\"}},{\"name\":\"\",\"type\":\"gallery_item\",\"props\":{\"image\":\"wp-content\\\/uploads\\\/jaguarsote-copia-scaled.jpg\",\"content\":\"\n\n<p><strong>Recreaci\\u00f3n de mural de Tepantitla (fragmento)<\\\/strong><\\\/p>\\n\n\n<p>Pencil on paper<\\\/p>\\n\n\n<p>2018<\\\/p>\"}},{\"name\":\"\",\"type\":\"gallery_item\",\"props\":{\"image\":\"wp-content\\\/uploads\\\/10-2.jpg\",\"content\":\"\n\n<p><strong>M\\u00e1scara teotihuacana de Malinaltepec<\\\/strong><\\\/p>\\n\n\n<p>Pencil on paper<\\\/p>\\n\n\n<p>2010<\\\/p>\"}},{\"name\":\"\",\"type\":\"gallery_item\",\"props\":{\"image\":\"wp-content\\\/uploads\\\/9.-guerra-azcapotzalco-scaled.jpeg\",\"content\":\"\n\n<p><strong>Batalla de Azcapotzalco (reproducci\\u00f3n art\\u00edstica)<\\\/strong><\\\/p>\\n\n\n<p>Gouache and ink on paper<\\\/p>\\n\n\n<p>2012<\\\/p>\"}},{\"name\":\"\",\"type\":\"gallery_item\",\"props\":{\"image\":\"wp-content\\\/uploads\\\/cactus-scaled.jpg\",\"content\":\"\n\n<p><strong>Cactus mexica<\\\/strong><\\\/p>\\n\n\n<p>Pencil on paper<\\\/p>\\n\n\n<p>2010<\\\/p>\"}},{\"name\":\"\",\"type\":\"gallery_item\",\"props\":{\"image\":\"wp-content\\\/uploads\\\/260420102062.jpg\",\"title\":\"M\\u00e1scara maya de Chan Balum II\",\"content\":\"\n\n<p>Pencil on paper<\\\/p>\\n\n\n<p>2010<\\\/p>\",\"meta\":\"\"}},{\"name\":\"\",\"type\":\"gallery_item\",\"props\":{\"image\":\"wp-content\\\/uploads\\\/Pectoral-de-jade-y-oro.jpeg\",\"content\":\"\n\n<p><strong>Pectoral de jade y oro de Ixcateopan<\\\/strong><\\\/p>\\n\n\n<p>Pencil on paper<\\\/p>\\n\n\n<p>2010<\\\/p>\"}},{\"name\":\"\",\"type\":\"gallery_item\",\"props\":{\"image\":\"wp-content\\\/uploads\\\/Captura-de-pantalla-2021-08-24-a-las-11.55.27.png\",\"title\":\"Cintur\\u00f3n ceremonial maya (reproducci\\u00f3n art\\u00edstica)\",\"content\":\"\n\n<p>Pastel on paper<\\\/p>\\n\n\n<p>2011<\\\/p>\"}},{\"name\":\"\",\"type\":\"gallery_item\",\"props\":{\"image\":\"wp-content\\\/uploads\\\/Captura-de-pantalla-2021-08-24-a-las-11.54.25.png\",\"title\":\"Chimalpopoca (reproducci\\u00f3n art\\u00edstica)\",\"content\":\"\n\n<p>Gouache and ink on paper<\\\/p>\"}},{\"name\":\"\",\"type\":\"gallery_item\",\"props\":{\"image\":\"wp-content\\\/uploads\\\/Captura-de-pantalla-2021-08-24-a-las-11.55.49.png\",\"title\":\"Ofrenda mexica. Cr\\u00e1neo infantil con perforaciones e incrustaciones (reproducci\\u00f3n art\\u00edstica)\",\"content\":\"\n\n<p>Pastel on paper<\\\/p>\\n\n\n<p>2011<\\\/p>\"}},{\"name\":\"\",\"type\":\"gallery_item\",\"props\":{\"image\":\"wp-content\\\/uploads\\\/ilustracion-sitio2.jpg\",\"title\":\"Petiveria Alliacea\",\"content\":\"\n\n<p>Pencil on paper<\\\/p>\\n\n\n<p>2013<\\\/p>\"}}]}]}]}]}]} --><\/p>\n","protected":false},"excerpt":{"rendered":"<p>Scientific Illustration Selection Petiveria alliacea Watercolor 2012 Chac Mool de Chich\u00e9n Itz\u00e1 Pencil on paper 2010 Mapa de Tenochtitlan (basado en C\u00f3dice Florentino) Stylo on paper 2017 Mural con la imagen de Quetzalc\u00f3atl, realizado por Juan O&#8217;Gorman (Casa Nancarrow) Pencil on paper 2017 Bodeg\u00f3n con jumiles Pencil on paper 2018 Recreaci\u00f3n de mural de Tepantitla [&hellip;]<\/p>\n","protected":false},"author":1,"featured_media":0,"parent":0,"menu_order":0,"comment_status":"closed","ping_status":"closed","template":"","meta":{"footnotes":""},"_links":{"self":[{"href":"https:\/\/ricardoanimas.com\/index.php?rest_route=\/wp\/v2\/pages\/268"}],"collection":[{"href":"https:\/\/ricardoanimas.com\/index.php?rest_route=\/wp\/v2\/pages"}],"about":[{"href":"https:\/\/ricardoanimas.com\/index.php?rest_route=\/wp\/v2\/types\/page"}],"author":[{"embeddable":true,"href":"https:\/\/ricardoanimas.com\/index.php?rest_route=\/wp\/v2\/users\/1"}],"replies":[{"embeddable":true,"href":"https:\/\/ricardoanimas.com\/index.php?rest_route=%2Fwp%2Fv2%2Fcomments&post=268"}],"version-history":[{"count":10,"href":"https:\/\/ricardoanimas.com\/index.php?rest_route=\/wp\/v2\/pages\/268\/revisions"}],"predecessor-version":[{"id":344,"href":"https:\/\/ricardoanimas.com\/index.php?rest_route=\/wp\/v2\/pages\/268\/revisions\/344"}],"wp:attachment":[{"href":"https:\/\/ricardoanimas.com\/index.php?rest_route=%2Fwp%2Fv2%2Fmedia&parent=268"}],"curies":[{"name":"wp","href":"https:\/\/api.w.org\/{rel}","templated":true}]}}